{"id":55,"date":"2021-05-24T18:26:07","date_gmt":"2021-05-24T16:26:07","guid":{"rendered":"https:\/\/lacavedelabaie.com\/index.php\/materialis-2\/"},"modified":"2022-02-28T15:06:45","modified_gmt":"2022-02-28T14:06:45","slug":"materialis-2","status":"publish","type":"page","link":"https:\/\/lacavedelabaie.com\/","title":{"rendered":"Front Page"},"content":{"rendered":"<div  id=\"features-2\" style=\"background-color: #ffffff;\" data-label=\"Features\" data-id=\"features-10-materialis\" data-export-id=\"features-10-materialis\" data-category=\"features\" class=\"features-10m content-section-spacing-large content-section\"><div  class=\"gridContainer\"> <div  class=\"row\"><div  class=\"section-title-col\" data-type=\"column\"> <h2  class=\"\">Le vin est notre passion<\/h2> <p  class=\"\">\u00abVous pouvez compter sur nous pour vos projets personnels et\/ou professionnels.\u00bb<\/p><\/div> <\/div> <div  class=\"row \"> <div  class=\"col-xs-12 col-md-10 col-md-offset-1\"> <div  class=\"row space-top spaced-cols content-center-sm\" data-type=\"row\" data-max-items=\"4\"> <div  class=\"col-xs-10 col-md-4 col-sm-6 col-sm-offset-0 col-xs-offset-1\"> <div  class=\"card no-radius mdc-elevation--z1 y-move bg-color-white padding-24 bordered\" data-type=\"column\">  <h6  class=\"\">PARTICULIERS<br >Vins et champagnes pour votre mariage \/\/ Coffret Cadeaux\/\/ Service livraison<\/h6><\/div> <\/div> <div  class=\"col-xs-10 col-md-4 col-sm-6 col-sm-offset-0 col-xs-offset-1\"> <div  class=\"card no-radius mdc-elevation--z1 y-move bg-color-white padding-24 bordered\" data-type=\"column\">  <h6  class=\"\">PROFESSIONNELS<br >Restauration : carte des vins \/\/ Cadeaux d\u2019entreprise<\/h6><\/div> <\/div> <div  class=\"col-xs-10 col-md-4 col-sm-6 col-sm-offset-0 col-xs-offset-1\"> <div  class=\"card no-radius mdc-elevation--z1 y-move bg-color-white padding-24 bordered\" data-type=\"column\">  <h6  class=\"\">ANIMATIONS<br >&nbsp;D\u00e9gustations, animations sur mesure<\/h6><\/div> <\/div> <div  class=\"col-xs-10 col-md-4 col-sm-6 col-sm-offset-0 col-xs-offset-1\"> <div  class=\"card no-radius mdc-elevation--z1 y-move bg-color-white padding-24 bordered\" data-type=\"column\">  <h6  class=\"\">Specialist dans le vins du monde<\/h6><\/div> <\/div>  <\/div> <\/div><\/div> <\/div><\/div><div  data-label=\"About\" data-id=\"about--3\" data-export-id=\"about-10\" data-category=\"about\" class=\"about-10 content-section content-section-spacing-large\" id=\"about-9\" style=\"background-color: rgb(245, 250, 253);\"><div  class=\"gridContainer\"> <div  class=\"row middle-sm text-center\"><div  class=\"col-sm-5 space-bottom-xs content-column\" data-type=\"column\"> <h5  class=\"\">ANIMATIONS<\/h5> <h2  class=\"\">Cours de degustation<br ><font  face=\"Playfair Display, sans-serif\"><b ><i >Soirees a Theme<\/i><\/b><\/font>&nbsp;\n<br >Accord Mets\/Vins<\/h2>  <\/div> <div  class=\"col-sm-7 flexbox middle-xs center-xs\"><div  class=\"overlay-box middle-xs center-xs flexbox box-image\"> <div  class=\"overlay-box-offset offset-border mdc-elevation--z5 border-color1 hide-xs border-radius-8\"><\/div> <img  class=\"mdc-elevation--z10 rounded max-image\" data-size=\"480x700\" src=\"https:\/\/lacavedelabaie.com\/wp-content\/uploads\/2021\/10\/cropped-DSC_2151-scaled-1.jpg\"><\/div> <\/div><\/div> <\/div><\/div><div  id=\"about-6\" style=\"background-color: #f5fafd;\" data-label=\"About\" data-id=\"about-4\" data-export-id=\"about-4\" data-category=\"about\" class=\"about-4 content-section content-section-spacing-large\"><div  class=\"gridContainer\"> <div  class=\"row middle-sm text-center\"><div  class=\"col-sm-5 space-bottom-xs\" data-type=\"column\">  <h2  class=\"\">MARIAGE:<br > <span  style=\"font-family: Playfair Display,sans-serif; font-weight: 700; font-style: italic;\" href=\"#\">VINS CHAMPAGNES<\/span> TARIF SPECIAL CONSEIL<\/h2> <p  class=\"\">SERVICE MARIAGE<br >Large choix de Vins,  Champagnes, Bi\u00e8res locales et Alcools.<br >Accords Mets &amp; Vins<br >Tarif pr\u00e9f\u00e9rentiel<br >Estimation des quantit\u00e9s<br >Organisation de la livraison<\/p> <\/div> <div  class=\"col-sm-7 flexbox center-xs middle-xs image-group-2-img padding-top-bottom\"> <img  class=\"img-1 rounded mdc-elevation--z10\" data-size=\"250x200\" src=\"https:\/\/lacavedelabaie.com\/wp-content\/uploads\/2021\/10\/20024114_10156565861864199_4247565610136972032_o.jpg\"> <img  class=\"img-2 rounded mdc-elevation--z10\" data-size=\"220x170\" src=\"https:\/\/lacavedelabaie.com\/wp-content\/uploads\/2021\/10\/cropped-19884409_10156534146594199_6455915811453051038_n.jpg\"><\/div> <\/div><\/div> <\/div><!-- CloudPress Companion Preview Data START --><div  data-label=\"About\" data-id=\"about--1\" data-export-id=\"about-9\" data-category=\"about\" class=\"about-9 content-section content-section-spacing-large\" id=\"about-7\" style=\"background-color: rgb(245, 250, 253);\"><div  class=\"gridContainer\"> <div  class=\"row middle-sm text-center\"><div  class=\"col-sm-5 space-bottom-xs content-column content-right-sm\" data-type=\"column\"> <p  class=\"lead\">RESTAURATION<\/p><h5  class=\"\">Cr\u00e9ation et conseil pour la r\u00e9alisation de votre carte des vins en fonction de vos besoins :<\/h5>  <p  class=\"\">Conception compl\u00e8te ou partielle de votre carte <br >Livraison flexible et rapide<br >\u201cD\u00e9pannage rapide\u201d en cas de rupture impr\u00e9vueConception compl\u00e8te ou partielle de votre carte\n<br >Livraison flexible et rapide<br >\u201cD\u00e9pannage rapide\u201d en cas de rupture impr\u00e9vue<\/p> <p  class=\"lead\"><span  style=\"color: rgb(122, 122, 122); font-size: 15px; text-align: left; background-color: rgb(255, 255, 255);\">Large choix de vins francais et du monde<\/span><\/p><\/div> <div  class=\"col-sm-7 flexbox flexbox middle-xs center-xs\"><div  class=\"overlay-box flexbox middle-xs center-xs overlay-holder \"> <div  class=\"overlay-box-offset offset-background mdc-elevation--z5 bg-color2 hide-xs border-radius-8\"><\/div> <img  class=\"flexbox mdc-elevation--z10 img1 rounded\" src=\"https:\/\/lacavedelabaie.com\/wp-content\/uploads\/2021\/10\/DSC_2183-scaled.jpg\"><\/div> <\/div><\/div> <\/div><\/div><div  data-label=\"About\" data-id=\"about--2\" data-export-id=\"about-1\" data-category=\"about\" class=\"about-1 content-section content-section-spacing-large\" id=\"about-8\" style=\"background-color: rgb(245, 250, 253);\"><div  class=\"gridContainer\"> <div  class=\"row col-xs-12\"><div  class=\"section-title-col\" data-type=\"column\"> <h5  class=\"\">ENTREPRISES<\/h5> <h2  class=\"\">Coffret Cadeaux VINS CHAMPAGNES BIERES<span  href=\"#\" style=\"font-weight: 700; font-family: Playfair Display,sans-serif; font-style: italic;\">&nbsp;Spirituex<\/span>&nbsp;Epicerie et produits locaux Grands formats et Millessimes Specials<\/h2> <p  class=\"lead\">Cadeaux d\u2019entreprise sur mesure pour vos clients, collaborateurs, prospects\u2026<\/p><\/div> <\/div> <div  class=\"row col-xs-12\"> <div  class=\"button-holder space-bottom space-bottom-small\" data-type=\"column\"> <\/div> <div  class=\"col-xs bottom-xs flexbox image-group-bottom-3-img center-xs\"> <img  class=\"left-img mdc-elevation--z10 rounded-topleft-topright\" data-size=\"400x275\" src=\"https:\/\/lacavedelabaie.com\/wp-content\/uploads\/2021\/10\/cropped-IMG_20210713_171316-scaled-1.jpg\"> <img  class=\"center-img mdc-elevation--z10 rounded-topleft-topright\" data-size=\"500x325\" src=\"https:\/\/lacavedelabaie.com\/wp-content\/uploads\/2021\/10\/cropped-113078-1.jpg\"> <img  class=\"right-img mdc-elevation--z10 rounded-topleft-topright\" data-size=\"400x275\" src=\"https:\/\/lacavedelabaie.com\/wp-content\/uploads\/2021\/10\/cropped-cropped-cropped-IMG_20210721_203624-scaled-1.jpg\"><\/div> <\/div><\/div> <\/div>","protected":false},"excerpt":{"rendered":"","protected":false},"author":1,"featured_media":0,"parent":0,"menu_order":0,"comment_status":"closed","ping_status":"closed","template":"page-templates\/homepage.php","meta":[],"_links":{"self":[{"href":"https:\/\/lacavedelabaie.com\/index.php\/wp-json\/wp\/v2\/pages\/55"}],"collection":[{"href":"https:\/\/lacavedelabaie.com\/index.php\/wp-json\/wp\/v2\/pages"}],"about":[{"href":"https:\/\/lacavedelabaie.com\/index.php\/wp-json\/wp\/v2\/types\/page"}],"author":[{"embeddable":true,"href":"https:\/\/lacavedelabaie.com\/index.php\/wp-json\/wp\/v2\/users\/1"}],"replies":[{"embeddable":true,"href":"https:\/\/lacavedelabaie.com\/index.php\/wp-json\/wp\/v2\/comments?post=55"}],"version-history":[{"count":3,"href":"https:\/\/lacavedelabaie.com\/index.php\/wp-json\/wp\/v2\/pages\/55\/revisions"}],"predecessor-version":[{"id":78,"href":"https:\/\/lacavedelabaie.com\/index.php\/wp-json\/wp\/v2\/pages\/55\/revisions\/78"}],"wp:attachment":[{"href":"https:\/\/lacavedelabaie.com\/index.php\/wp-json\/wp\/v2\/media?parent=55"}],"curies":[{"name":"wp","href":"https:\/\/api.w.org\/{rel}","templated":true}]}}